{"id":24,"date":"2024-03-19T12:02:58","date_gmt":"2024-03-19T12:02:58","guid":{"rendered":"https:\/\/projetocarlosgomes.com.br\/novo\/?page_id=24"},"modified":"2024-03-19T19:18:17","modified_gmt":"2024-03-19T19:18:17","slug":"links","status":"publish","type":"page","link":"https:\/\/projetocarlosgomes.com.br\/en\/links\/","title":{"rendered":"Links"},"content":{"rendered":"<div data-elementor-type=\"wp-page\" data-elementor-id=\"24\" class=\"elementor elementor-24\" data-elementor-post-type=\"page\">\n\t\t\t\t<div class=\"elementor-element elementor-element-a80f6cd e-flex e-con-boxed e-con e-parent\" data-id=\"a80f6cd\" data-element_type=\"container\" data-e-type=\"container\">\n\t\t\t\t\t<div class=\"e-con-inner\">\n\t\t\t\t<div class=\"elementor-element elementor-element-b40a542 elementor-icon-list--layout-traditional elementor-list-item-link-full_width elementor-widget elementor-widget-icon-list\" data-id=\"b40a542\" data-element_type=\"widget\" data-e-type=\"widget\" data-widget_type=\"icon-list.default\">\n\t\t\t\t<div class=\"elementor-widget-container\">\n\t\t\t\t\t\t\t<ul class=\"elementor-icon-list-items\">\n\t\t\t\t\t\t\t<li class=\"elementor-icon-list-item\">\n\t\t\t\t\t\t\t\t\t\t\t<a href=\"https:\/\/abmusica.org.br\/\" target=\"_blank\">\n\n\t\t\t\t\t\t\t\t\t\t\t<span class=\"elementor-icon-list-text\">Academia Brasileira de M\u00fasica<\/span>\n\t\t\t\t\t\t\t\t\t\t\t<\/a>\n\t\t\t\t\t\t\t\t\t<\/li>\n\t\t\t\t\t\t\t\t<li class=\"elementor-icon-list-item\">\n\t\t\t\t\t\t\t\t\t\t\t<a href=\"https:\/\/bndigital.bn.gov.br\/\" target=\"_blank\">\n\n\t\t\t\t\t\t\t\t\t\t\t<span class=\"elementor-icon-list-text\">Biblioteca Nacional do Rio de Janeiro<\/span>\n\t\t\t\t\t\t\t\t\t\t\t<\/a>\n\t\t\t\t\t\t\t\t\t<\/li>\n\t\t\t\t\t\t\t\t<li class=\"elementor-icon-list-item\">\n\t\t\t\t\t\t\t\t\t\t\t<a href=\"https:\/\/musica.ufrj.br\/\" target=\"_blank\">\n\n\t\t\t\t\t\t\t\t\t\t\t<span class=\"elementor-icon-list-text\">Escola de M\u00fasica da UFRJ<\/span>\n\t\t\t\t\t\t\t\t\t\t\t<\/a>\n\t\t\t\t\t\t\t\t\t<\/li>\n\t\t\t\t\t\t\t\t<li class=\"elementor-icon-list-item\">\n\t\t\t\t\t\t\t\t\t\t\t<a href=\"https:\/\/ccla.org.br\/museu-carlos-gomes\/\" target=\"_blank\">\n\n\t\t\t\t\t\t\t\t\t\t\t<span class=\"elementor-icon-list-text\">Museu Carlos Gomes de Campinas<\/span>\n\t\t\t\t\t\t\t\t\t\t\t<\/a>\n\t\t\t\t\t\t\t\t\t<\/li>\n\t\t\t\t\t\t\t\t<li class=\"elementor-icon-list-item\">\n\t\t\t\t\t\t\t\t\t\t\t<a href=\"http:\/\/www.museuhistoriconacional.com.br\/\" target=\"_blank\">\n\n\t\t\t\t\t\t\t\t\t\t\t<span class=\"elementor-icon-list-text\">Museu Hist\u00f3rico Nacional<\/span>\n\t\t\t\t\t\t\t\t\t\t\t<\/a>\n\t\t\t\t\t\t\t\t\t<\/li>\n\t\t\t\t\t\t\t\t<li class=\"elementor-icon-list-item\">\n\t\t\t\t\t\t\t\t\t\t\t<a href=\"http:\/\/www.museuimperial.gov.br\/\" target=\"_blank\">\n\n\t\t\t\t\t\t\t\t\t\t\t<span class=\"elementor-icon-list-text\">Museu Imperial de Petr\u00f3polis<\/span>\n\t\t\t\t\t\t\t\t\t\t\t<\/a>\n\t\t\t\t\t\t\t\t\t<\/li>\n\t\t\t\t\t\t\t\t<li class=\"elementor-icon-list-item\">\n\t\t\t\t\t\t\t\t\t\t\t<a href=\"https:\/\/www.teatroallascala.org\/en\/index.html\" target=\"_blank\">\n\n\t\t\t\t\t\t\t\t\t\t\t<span class=\"elementor-icon-list-text\">Teatro Alla Scala<\/span>\n\t\t\t\t\t\t\t\t\t\t\t<\/a>\n\t\t\t\t\t\t\t\t\t<\/li>\n\t\t\t\t\t\t<\/ul>\n\t\t\t\t\t\t<\/div>\n\t\t\t\t<\/div>\n\t\t\t\t\t<\/div>\n\t\t\t\t<\/div>\n\t\t\t\t<\/div>","protected":false},"excerpt":{"rendered":"<p>Academia Brasileira de M\u00fasica Biblioteca Nacional do Rio de Janeiro Escola de M\u00fasica da UFRJ Museu Carlos Gomes de Campinas Museu Hist\u00f3rico Nacional Museu Imperial de Petr\u00f3polis Teatro Alla Scala<\/p>","protected":false},"author":1,"featured_media":0,"parent":0,"menu_order":0,"comment_status":"closed","ping_status":"closed","template":"elementor_header_footer","meta":{"_acf_changed":false,"footnotes":""},"class_list":["post-24","page","type-page","status-publish","hentry"],"acf":[],"yoast_head":"<!-- This site is optimized with the Yoast SEO plugin v26.9 - https:\/\/yoast.com\/product\/yoast-seo-wordpress\/ -->\n<title>Links - Carlos Gomes<\/title>\n<meta name=\"robots\" content=\"index, follow, max-snippet:-1, max-image-preview:large, max-video-preview:-1\" \/>\n<link rel=\"canonical\" href=\"https:\/\/projetocarlosgomes.com.br\/en\/links\/\" \/>\n<meta property=\"og:locale\" content=\"en_US\" \/>\n<meta property=\"og:type\" content=\"article\" \/>\n<meta property=\"og:title\" content=\"Links - Carlos Gomes\" \/>\n<meta property=\"og:description\" content=\"Academia Brasileira de M\u00fasica Biblioteca Nacional do Rio de Janeiro Escola de M\u00fasica da UFRJ Museu Carlos Gomes de Campinas Museu Hist\u00f3rico Nacional Museu Imperial de Petr\u00f3polis Teatro Alla Scala\" \/>\n<meta property=\"og:url\" content=\"https:\/\/projetocarlosgomes.com.br\/en\/links\/\" \/>\n<meta property=\"og:site_name\" content=\"Carlos Gomes\" \/>\n<meta property=\"article:modified_time\" content=\"2024-03-19T19:18:17+00:00\" \/>\n<meta name=\"twitter:card\" content=\"summary_large_image\" \/>\n<script type=\"application\/ld+json\" class=\"yoast-schema-graph\">{\"@context\":\"https:\/\/schema.org\",\"@graph\":[{\"@type\":\"WebPage\",\"@id\":\"https:\/\/projetocarlosgomes.com.br\/links\/\",\"url\":\"https:\/\/projetocarlosgomes.com.br\/links\/\",\"name\":\"Links - Carlos Gomes\",\"isPartOf\":{\"@id\":\"https:\/\/projetocarlosgomes.com.br\/#website\"},\"datePublished\":\"2024-03-19T12:02:58+00:00\",\"dateModified\":\"2024-03-19T19:18:17+00:00\",\"breadcrumb\":{\"@id\":\"https:\/\/projetocarlosgomes.com.br\/links\/#breadcrumb\"},\"inLanguage\":\"en-US\",\"potentialAction\":[{\"@type\":\"ReadAction\",\"target\":[\"https:\/\/projetocarlosgomes.com.br\/links\/\"]}]},{\"@type\":\"BreadcrumbList\",\"@id\":\"https:\/\/projetocarlosgomes.com.br\/links\/#breadcrumb\",\"itemListElement\":[{\"@type\":\"ListItem\",\"position\":1,\"name\":\"In\u00edcio\",\"item\":\"https:\/\/projetocarlosgomes.com.br\/\"},{\"@type\":\"ListItem\",\"position\":2,\"name\":\"Links\"}]},{\"@type\":\"WebSite\",\"@id\":\"https:\/\/projetocarlosgomes.com.br\/#website\",\"url\":\"https:\/\/projetocarlosgomes.com.br\/\",\"name\":\"Carlos Gomes\",\"description\":\"A Vida e Obra do Maestro\",\"publisher\":{\"@id\":\"https:\/\/projetocarlosgomes.com.br\/#organization\"},\"potentialAction\":[{\"@type\":\"SearchAction\",\"target\":{\"@type\":\"EntryPoint\",\"urlTemplate\":\"https:\/\/projetocarlosgomes.com.br\/?s={search_term_string}\"},\"query-input\":{\"@type\":\"PropertyValueSpecification\",\"valueRequired\":true,\"valueName\":\"search_term_string\"}}],\"inLanguage\":\"en-US\"},{\"@type\":\"Organization\",\"@id\":\"https:\/\/projetocarlosgomes.com.br\/#organization\",\"name\":\"Academia Brasileira de M\u00fasica\",\"url\":\"https:\/\/projetocarlosgomes.com.br\/\",\"logo\":{\"@type\":\"ImageObject\",\"inLanguage\":\"en-US\",\"@id\":\"https:\/\/projetocarlosgomes.com.br\/#\/schema\/logo\/image\/\",\"url\":\"https:\/\/projetocarlosgomes.com.br\/wp-content\/uploads\/2024\/04\/logo_footer.png\",\"contentUrl\":\"https:\/\/projetocarlosgomes.com.br\/wp-content\/uploads\/2024\/04\/logo_footer.png\",\"width\":508,\"height\":264,\"caption\":\"Academia Brasileira de M\u00fasica\"},\"image\":{\"@id\":\"https:\/\/projetocarlosgomes.com.br\/#\/schema\/logo\/image\/\"}}]}<\/script>\n<!-- \/ Yoast SEO plugin. -->","yoast_head_json":{"title":"Links - Carlos Gomes","robots":{"index":"index","follow":"follow","max-snippet":"max-snippet:-1","max-image-preview":"max-image-preview:large","max-video-preview":"max-video-preview:-1"},"canonical":"https:\/\/projetocarlosgomes.com.br\/en\/links\/","og_locale":"en_US","og_type":"article","og_title":"Links - Carlos Gomes","og_description":"Academia Brasileira de M\u00fasica Biblioteca Nacional do Rio de Janeiro Escola de M\u00fasica da UFRJ Museu Carlos Gomes de Campinas Museu Hist\u00f3rico Nacional Museu Imperial de Petr\u00f3polis Teatro Alla Scala","og_url":"https:\/\/projetocarlosgomes.com.br\/en\/links\/","og_site_name":"Carlos Gomes","article_modified_time":"2024-03-19T19:18:17+00:00","twitter_card":"summary_large_image","schema":{"@context":"https:\/\/schema.org","@graph":[{"@type":"WebPage","@id":"https:\/\/projetocarlosgomes.com.br\/links\/","url":"https:\/\/projetocarlosgomes.com.br\/links\/","name":"Links - Carlos Gomes","isPartOf":{"@id":"https:\/\/projetocarlosgomes.com.br\/#website"},"datePublished":"2024-03-19T12:02:58+00:00","dateModified":"2024-03-19T19:18:17+00:00","breadcrumb":{"@id":"https:\/\/projetocarlosgomes.com.br\/links\/#breadcrumb"},"inLanguage":"en-US","potentialAction":[{"@type":"ReadAction","target":["https:\/\/projetocarlosgomes.com.br\/links\/"]}]},{"@type":"BreadcrumbList","@id":"https:\/\/projetocarlosgomes.com.br\/links\/#breadcrumb","itemListElement":[{"@type":"ListItem","position":1,"name":"In\u00edcio","item":"https:\/\/projetocarlosgomes.com.br\/"},{"@type":"ListItem","position":2,"name":"Links"}]},{"@type":"WebSite","@id":"https:\/\/projetocarlosgomes.com.br\/#website","url":"https:\/\/projetocarlosgomes.com.br\/","name":"Carlos Gomes","description":"A Vida e Obra do Maestro","publisher":{"@id":"https:\/\/projetocarlosgomes.com.br\/#organization"},"potentialAction":[{"@type":"SearchAction","target":{"@type":"EntryPoint","urlTemplate":"https:\/\/projetocarlosgomes.com.br\/?s={search_term_string}"},"query-input":{"@type":"PropertyValueSpecification","valueRequired":true,"valueName":"search_term_string"}}],"inLanguage":"en-US"},{"@type":"Organization","@id":"https:\/\/projetocarlosgomes.com.br\/#organization","name":"Academia Brasileira de M\u00fasica","url":"https:\/\/projetocarlosgomes.com.br\/","logo":{"@type":"ImageObject","inLanguage":"en-US","@id":"https:\/\/projetocarlosgomes.com.br\/#\/schema\/logo\/image\/","url":"https:\/\/projetocarlosgomes.com.br\/wp-content\/uploads\/2024\/04\/logo_footer.png","contentUrl":"https:\/\/projetocarlosgomes.com.br\/wp-content\/uploads\/2024\/04\/logo_footer.png","width":508,"height":264,"caption":"Academia Brasileira de M\u00fasica"},"image":{"@id":"https:\/\/projetocarlosgomes.com.br\/#\/schema\/logo\/image\/"}}]}},"_links":{"self":[{"href":"https:\/\/projetocarlosgomes.com.br\/en\/wp-json\/wp\/v2\/pages\/24","targetHints":{"allow":["GET"]}}],"collection":[{"href":"https:\/\/projetocarlosgomes.com.br\/en\/wp-json\/wp\/v2\/pages"}],"about":[{"href":"https:\/\/projetocarlosgomes.com.br\/en\/wp-json\/wp\/v2\/types\/page"}],"author":[{"embeddable":true,"href":"https:\/\/projetocarlosgomes.com.br\/en\/wp-json\/wp\/v2\/users\/1"}],"replies":[{"embeddable":true,"href":"https:\/\/projetocarlosgomes.com.br\/en\/wp-json\/wp\/v2\/comments?post=24"}],"version-history":[{"count":13,"href":"https:\/\/projetocarlosgomes.com.br\/en\/wp-json\/wp\/v2\/pages\/24\/revisions"}],"predecessor-version":[{"id":415,"href":"https:\/\/projetocarlosgomes.com.br\/en\/wp-json\/wp\/v2\/pages\/24\/revisions\/415"}],"wp:attachment":[{"href":"https:\/\/projetocarlosgomes.com.br\/en\/wp-json\/wp\/v2\/media?parent=24"}],"curies":[{"name":"wp","href":"https:\/\/api.w.org\/{rel}","templated":true}]}}