{"id":16,"date":"2024-03-19T12:02:25","date_gmt":"2024-03-19T12:02:25","guid":{"rendered":"https:\/\/projetocarlosgomes.com.br\/novo\/?page_id=16"},"modified":"2024-03-22T14:28:10","modified_gmt":"2024-03-22T14:28:10","slug":"referencias","status":"publish","type":"page","link":"https:\/\/projetocarlosgomes.com.br\/en\/referencias\/","title":{"rendered":"Refer\u00eancias"},"content":{"rendered":"<div data-elementor-type=\"wp-page\" data-elementor-id=\"16\" class=\"elementor elementor-16\" data-elementor-post-type=\"page\">\n\t\t\t\t<div class=\"elementor-element elementor-element-9636f22 e-flex e-con-boxed e-con e-parent\" data-id=\"9636f22\" data-element_type=\"container\" data-e-type=\"container\">\n\t\t\t\t\t<div class=\"e-con-inner\">\n\t\t<div class=\"elementor-element elementor-element-72d8d65 e-con-full e-flex elementor-invisible e-con e-child\" data-id=\"72d8d65\" data-element_type=\"container\" data-e-type=\"container\" data-settings=\"{&quot;animation&quot;:&quot;fadeIn&quot;}\">\n\t\t\t\t<div class=\"elementor-element elementor-element-7f5b80e elementor-widget elementor-widget-image\" data-id=\"7f5b80e\" data-element_type=\"widget\" data-e-type=\"widget\" data-widget_type=\"image.default\">\n\t\t\t\t<div class=\"elementor-widget-container\">\n\t\t\t\t\t\t\t\t\t\t\t\t\t\t\t<img fetchpriority=\"high\" decoding=\"async\" width=\"401\" height=\"402\" src=\"https:\/\/projetocarlosgomes.com.br\/wp-content\/uploads\/2024\/03\/biografia.png\" class=\"attachment-large size-large wp-image-283\" alt=\"\" srcset=\"https:\/\/projetocarlosgomes.com.br\/wp-content\/uploads\/2024\/03\/biografia.png 401w, https:\/\/projetocarlosgomes.com.br\/wp-content\/uploads\/2024\/03\/biografia-300x300.png 300w, https:\/\/projetocarlosgomes.com.br\/wp-content\/uploads\/2024\/03\/biografia-150x150.png 150w\" sizes=\"(max-width: 401px) 100vw, 401px\" \/>\t\t\t\t\t\t\t\t\t\t\t\t\t\t\t<\/div>\n\t\t\t\t<\/div>\n\t\t\t\t<\/div>\n\t\t<div class=\"elementor-element elementor-element-5069f56 e-con-full animated-slow e-flex elementor-invisible e-con e-child\" data-id=\"5069f56\" data-element_type=\"container\" data-e-type=\"container\" data-settings=\"{&quot;animation&quot;:&quot;fadeIn&quot;,&quot;animation_delay&quot;:200}\">\n\t\t\t\t<div class=\"elementor-element elementor-element-b6edeb4 elementor-widget elementor-widget-text-editor\" data-id=\"b6edeb4\" data-element_type=\"widget\" data-e-type=\"widget\" data-widget_type=\"text-editor.default\">\n\t\t\t\t<div class=\"elementor-widget-container\">\n\t\t\t\t\t\t\t\t\t<p>Ant\u00f4nio Carlos Gomes \u00e9, sem d\u00favida, um dos compositores brasileiros mais abordados pela historiografia musical. Desde o s\u00e9culo XIX sua vida e obra foram objetos n\u00e3o s\u00f3 de estudos musicol\u00f3gicos de car\u00e1ter cient\u00edfico como tamb\u00e9m de reportagens jornal\u00edsticas, cr\u00f4nicas e at\u00e9 mesmo obras de fic\u00e7\u00e3o, liter\u00e1rias e audiovisuais. O compositor foi tamb\u00e9m abordado por diferentes artistas pl\u00e1sticos, na escultura, pintura, gravura, desenho e caricatura, assim como recebeu homenagens atrav\u00e9s de monumentos e nome em diversos logradouros p\u00fablicos em diferentes cidades brasileiras, na filatelia e numism\u00e1tica. Seu nome batizou produtos, teatros e cinemas. As in\u00fameras refer\u00eancias ao seu nome e o imenso volume de trabalhos a ele dedicados comprovam sua import\u00e2ncia na hist\u00f3ria da m\u00fasica brasileira e refor\u00e7am a relev\u00e2ncia das propostas apresentadas no PROJETO CARLOS GOMES.<\/p>\t\t\t\t\t\t\t\t<\/div>\n\t\t\t\t<\/div>\n\t\t\t\t<div class=\"elementor-element elementor-element-3e1a0ec elementor-icon-list--layout-traditional elementor-list-item-link-full_width elementor-widget elementor-widget-icon-list\" data-id=\"3e1a0ec\" data-element_type=\"widget\" data-e-type=\"widget\" data-widget_type=\"icon-list.default\">\n\t\t\t\t<div class=\"elementor-widget-container\">\n\t\t\t\t\t\t\t<ul class=\"elementor-icon-list-items\">\n\t\t\t\t\t\t\t<li class=\"elementor-icon-list-item\">\n\t\t\t\t\t\t\t\t\t\t\t<a href=\"https:\/\/projetocarlosgomes.com.br\/en\/referencias-bibliograficas\/\">\n\n\t\t\t\t\t\t\t\t\t\t\t<span class=\"elementor-icon-list-text\">Refer\u00eancias Bibliogr\u00e1ficas<\/span>\n\t\t\t\t\t\t\t\t\t\t\t<\/a>\n\t\t\t\t\t\t\t\t\t<\/li>\n\t\t\t\t\t\t\t\t<li class=\"elementor-icon-list-item\">\n\t\t\t\t\t\t\t\t\t\t\t<a href=\"https:\/\/projetocarlosgomes.com.br\/en\/ficcao\/\">\n\n\t\t\t\t\t\t\t\t\t\t\t<span class=\"elementor-icon-list-text\">Fic\u00e7\u00e3o<\/span>\n\t\t\t\t\t\t\t\t\t\t\t<\/a>\n\t\t\t\t\t\t\t\t\t<\/li>\n\t\t\t\t\t\t\t\t<li class=\"elementor-icon-list-item\">\n\t\t\t\t\t\t\t\t\t\t\t<a href=\"https:\/\/projetocarlosgomes.com.br\/en\/desenhos-pinturas-e-ilustracoes-2\/\">\n\n\t\t\t\t\t\t\t\t\t\t\t<span class=\"elementor-icon-list-text\">Desenhos, pinturas e ilustra\u00e7\u00f5es<\/span>\n\t\t\t\t\t\t\t\t\t\t\t<\/a>\n\t\t\t\t\t\t\t\t\t<\/li>\n\t\t\t\t\t\t\t\t<li class=\"elementor-icon-list-item\">\n\t\t\t\t\t\t\t\t\t\t\t<a href=\"https:\/\/projetocarlosgomes.com.br\/en\/esculturas-e-monumentos\/\">\n\n\t\t\t\t\t\t\t\t\t\t\t<span class=\"elementor-icon-list-text\">Esculturas e Monumentos<\/span>\n\t\t\t\t\t\t\t\t\t\t\t<\/a>\n\t\t\t\t\t\t\t\t\t<\/li>\n\t\t\t\t\t\t\t\t<li class=\"elementor-icon-list-item\">\n\t\t\t\t\t\t\t\t\t\t\t<a href=\"https:\/\/projetocarlosgomes.com.br\/en\/filatelia-e-numismatica\/\">\n\n\t\t\t\t\t\t\t\t\t\t\t<span class=\"elementor-icon-list-text\">Filatelia e Numism\u00e1tica<\/span>\n\t\t\t\t\t\t\t\t\t\t\t<\/a>\n\t\t\t\t\t\t\t\t\t<\/li>\n\t\t\t\t\t\t\t\t<li class=\"elementor-icon-list-item\">\n\t\t\t\t\t\t\t\t\t\t\t<a href=\"https:\/\/projetocarlosgomes.com.br\/en\/teatros-e-cinemas-2\/\">\n\n\t\t\t\t\t\t\t\t\t\t\t<span class=\"elementor-icon-list-text\">Teatros e Cinemas<\/span>\n\t\t\t\t\t\t\t\t\t\t\t<\/a>\n\t\t\t\t\t\t\t\t\t<\/li>\n\t\t\t\t\t\t<\/ul>\n\t\t\t\t\t\t<\/div>\n\t\t\t\t<\/div>\n\t\t\t\t<\/div>\n\t\t\t\t\t<\/div>\n\t\t\t\t<\/div>\n\t\t\t\t<\/div>","protected":false},"excerpt":{"rendered":"<p>Ant\u00f4nio Carlos Gomes \u00e9, sem d\u00favida, um dos compositores brasileiros mais abordados pela historiografia musical. Desde o s\u00e9culo XIX sua vida e obra foram objetos n\u00e3o s\u00f3 de estudos musicol\u00f3gicos de car\u00e1ter cient\u00edfico como tamb\u00e9m de reportagens jornal\u00edsticas, cr\u00f4nicas e at\u00e9 mesmo obras de fic\u00e7\u00e3o, liter\u00e1rias e audiovisuais. O compositor foi tamb\u00e9m abordado por diferentes [&hellip;]<\/p>\n","protected":false},"author":1,"featured_media":0,"parent":0,"menu_order":0,"comment_status":"closed","ping_status":"closed","template":"elementor_header_footer","meta":{"_acf_changed":false,"footnotes":""},"class_list":["post-16","page","type-page","status-publish","hentry"],"acf":[],"yoast_head":"<!-- This site is optimized with the Yoast SEO plugin v26.9 - https:\/\/yoast.com\/product\/yoast-seo-wordpress\/ -->\n<title>Refer\u00eancias - Carlos Gomes<\/title>\n<meta name=\"robots\" content=\"index, follow, max-snippet:-1, max-image-preview:large, max-video-preview:-1\" \/>\n<link rel=\"canonical\" href=\"https:\/\/projetocarlosgomes.com.br\/en\/referencias\/\" \/>\n<meta property=\"og:locale\" content=\"en_US\" \/>\n<meta property=\"og:type\" content=\"article\" \/>\n<meta property=\"og:title\" content=\"Refer\u00eancias - Carlos Gomes\" \/>\n<meta property=\"og:description\" content=\"Ant\u00f4nio Carlos Gomes \u00e9, sem d\u00favida, um dos compositores brasileiros mais abordados pela historiografia musical. Desde o s\u00e9culo XIX sua vida e obra foram objetos n\u00e3o s\u00f3 de estudos musicol\u00f3gicos de car\u00e1ter cient\u00edfico como tamb\u00e9m de reportagens jornal\u00edsticas, cr\u00f4nicas e at\u00e9 mesmo obras de fic\u00e7\u00e3o, liter\u00e1rias e audiovisuais. O compositor foi tamb\u00e9m abordado por diferentes [&hellip;]\" \/>\n<meta property=\"og:url\" content=\"https:\/\/projetocarlosgomes.com.br\/en\/referencias\/\" \/>\n<meta property=\"og:site_name\" content=\"Carlos Gomes\" \/>\n<meta property=\"article:modified_time\" content=\"2024-03-22T14:28:10+00:00\" \/>\n<meta property=\"og:image\" content=\"https:\/\/projetocarlosgomes.com.br\/novo\/wp-content\/uploads\/2024\/03\/biografia.png\" \/>\n<meta name=\"twitter:card\" content=\"summary_large_image\" \/>\n<meta name=\"twitter:label1\" content=\"Est. reading time\" \/>\n\t<meta name=\"twitter:data1\" content=\"1 minute\" \/>\n<script type=\"application\/ld+json\" class=\"yoast-schema-graph\">{\"@context\":\"https:\/\/schema.org\",\"@graph\":[{\"@type\":\"WebPage\",\"@id\":\"https:\/\/projetocarlosgomes.com.br\/referencias\/\",\"url\":\"https:\/\/projetocarlosgomes.com.br\/referencias\/\",\"name\":\"Refer\u00eancias - Carlos Gomes\",\"isPartOf\":{\"@id\":\"https:\/\/projetocarlosgomes.com.br\/#website\"},\"primaryImageOfPage\":{\"@id\":\"https:\/\/projetocarlosgomes.com.br\/referencias\/#primaryimage\"},\"image\":{\"@id\":\"https:\/\/projetocarlosgomes.com.br\/referencias\/#primaryimage\"},\"thumbnailUrl\":\"https:\/\/projetocarlosgomes.com.br\/novo\/wp-content\/uploads\/2024\/03\/biografia.png\",\"datePublished\":\"2024-03-19T12:02:25+00:00\",\"dateModified\":\"2024-03-22T14:28:10+00:00\",\"breadcrumb\":{\"@id\":\"https:\/\/projetocarlosgomes.com.br\/referencias\/#breadcrumb\"},\"inLanguage\":\"en-US\",\"potentialAction\":[{\"@type\":\"ReadAction\",\"target\":[\"https:\/\/projetocarlosgomes.com.br\/referencias\/\"]}]},{\"@type\":\"ImageObject\",\"inLanguage\":\"en-US\",\"@id\":\"https:\/\/projetocarlosgomes.com.br\/referencias\/#primaryimage\",\"url\":\"https:\/\/projetocarlosgomes.com.br\/novo\/wp-content\/uploads\/2024\/03\/biografia.png\",\"contentUrl\":\"https:\/\/projetocarlosgomes.com.br\/novo\/wp-content\/uploads\/2024\/03\/biografia.png\"},{\"@type\":\"BreadcrumbList\",\"@id\":\"https:\/\/projetocarlosgomes.com.br\/referencias\/#breadcrumb\",\"itemListElement\":[{\"@type\":\"ListItem\",\"position\":1,\"name\":\"In\u00edcio\",\"item\":\"https:\/\/projetocarlosgomes.com.br\/\"},{\"@type\":\"ListItem\",\"position\":2,\"name\":\"Refer\u00eancias\"}]},{\"@type\":\"WebSite\",\"@id\":\"https:\/\/projetocarlosgomes.com.br\/#website\",\"url\":\"https:\/\/projetocarlosgomes.com.br\/\",\"name\":\"Carlos Gomes\",\"description\":\"A Vida e Obra do Maestro\",\"publisher\":{\"@id\":\"https:\/\/projetocarlosgomes.com.br\/#organization\"},\"potentialAction\":[{\"@type\":\"SearchAction\",\"target\":{\"@type\":\"EntryPoint\",\"urlTemplate\":\"https:\/\/projetocarlosgomes.com.br\/?s={search_term_string}\"},\"query-input\":{\"@type\":\"PropertyValueSpecification\",\"valueRequired\":true,\"valueName\":\"search_term_string\"}}],\"inLanguage\":\"en-US\"},{\"@type\":\"Organization\",\"@id\":\"https:\/\/projetocarlosgomes.com.br\/#organization\",\"name\":\"Academia Brasileira de M\u00fasica\",\"url\":\"https:\/\/projetocarlosgomes.com.br\/\",\"logo\":{\"@type\":\"ImageObject\",\"inLanguage\":\"en-US\",\"@id\":\"https:\/\/projetocarlosgomes.com.br\/#\/schema\/logo\/image\/\",\"url\":\"https:\/\/projetocarlosgomes.com.br\/wp-content\/uploads\/2024\/04\/logo_footer.png\",\"contentUrl\":\"https:\/\/projetocarlosgomes.com.br\/wp-content\/uploads\/2024\/04\/logo_footer.png\",\"width\":508,\"height\":264,\"caption\":\"Academia Brasileira de M\u00fasica\"},\"image\":{\"@id\":\"https:\/\/projetocarlosgomes.com.br\/#\/schema\/logo\/image\/\"}}]}<\/script>\n<!-- \/ Yoast SEO plugin. -->","yoast_head_json":{"title":"Refer\u00eancias - Carlos Gomes","robots":{"index":"index","follow":"follow","max-snippet":"max-snippet:-1","max-image-preview":"max-image-preview:large","max-video-preview":"max-video-preview:-1"},"canonical":"https:\/\/projetocarlosgomes.com.br\/en\/referencias\/","og_locale":"en_US","og_type":"article","og_title":"Refer\u00eancias - Carlos Gomes","og_description":"Ant\u00f4nio Carlos Gomes \u00e9, sem d\u00favida, um dos compositores brasileiros mais abordados pela historiografia musical. Desde o s\u00e9culo XIX sua vida e obra foram objetos n\u00e3o s\u00f3 de estudos musicol\u00f3gicos de car\u00e1ter cient\u00edfico como tamb\u00e9m de reportagens jornal\u00edsticas, cr\u00f4nicas e at\u00e9 mesmo obras de fic\u00e7\u00e3o, liter\u00e1rias e audiovisuais. O compositor foi tamb\u00e9m abordado por diferentes [&hellip;]","og_url":"https:\/\/projetocarlosgomes.com.br\/en\/referencias\/","og_site_name":"Carlos Gomes","article_modified_time":"2024-03-22T14:28:10+00:00","og_image":[{"url":"https:\/\/projetocarlosgomes.com.br\/novo\/wp-content\/uploads\/2024\/03\/biografia.png","type":"","width":"","height":""}],"twitter_card":"summary_large_image","twitter_misc":{"Est. reading time":"1 minute"},"schema":{"@context":"https:\/\/schema.org","@graph":[{"@type":"WebPage","@id":"https:\/\/projetocarlosgomes.com.br\/referencias\/","url":"https:\/\/projetocarlosgomes.com.br\/referencias\/","name":"Refer\u00eancias - Carlos Gomes","isPartOf":{"@id":"https:\/\/projetocarlosgomes.com.br\/#website"},"primaryImageOfPage":{"@id":"https:\/\/projetocarlosgomes.com.br\/referencias\/#primaryimage"},"image":{"@id":"https:\/\/projetocarlosgomes.com.br\/referencias\/#primaryimage"},"thumbnailUrl":"https:\/\/projetocarlosgomes.com.br\/novo\/wp-content\/uploads\/2024\/03\/biografia.png","datePublished":"2024-03-19T12:02:25+00:00","dateModified":"2024-03-22T14:28:10+00:00","breadcrumb":{"@id":"https:\/\/projetocarlosgomes.com.br\/referencias\/#breadcrumb"},"inLanguage":"en-US","potentialAction":[{"@type":"ReadAction","target":["https:\/\/projetocarlosgomes.com.br\/referencias\/"]}]},{"@type":"ImageObject","inLanguage":"en-US","@id":"https:\/\/projetocarlosgomes.com.br\/referencias\/#primaryimage","url":"https:\/\/projetocarlosgomes.com.br\/novo\/wp-content\/uploads\/2024\/03\/biografia.png","contentUrl":"https:\/\/projetocarlosgomes.com.br\/novo\/wp-content\/uploads\/2024\/03\/biografia.png"},{"@type":"BreadcrumbList","@id":"https:\/\/projetocarlosgomes.com.br\/referencias\/#breadcrumb","itemListElement":[{"@type":"ListItem","position":1,"name":"In\u00edcio","item":"https:\/\/projetocarlosgomes.com.br\/"},{"@type":"ListItem","position":2,"name":"Refer\u00eancias"}]},{"@type":"WebSite","@id":"https:\/\/projetocarlosgomes.com.br\/#website","url":"https:\/\/projetocarlosgomes.com.br\/","name":"Carlos Gomes","description":"A Vida e Obra do Maestro","publisher":{"@id":"https:\/\/projetocarlosgomes.com.br\/#organization"},"potentialAction":[{"@type":"SearchAction","target":{"@type":"EntryPoint","urlTemplate":"https:\/\/projetocarlosgomes.com.br\/?s={search_term_string}"},"query-input":{"@type":"PropertyValueSpecification","valueRequired":true,"valueName":"search_term_string"}}],"inLanguage":"en-US"},{"@type":"Organization","@id":"https:\/\/projetocarlosgomes.com.br\/#organization","name":"Academia Brasileira de M\u00fasica","url":"https:\/\/projetocarlosgomes.com.br\/","logo":{"@type":"ImageObject","inLanguage":"en-US","@id":"https:\/\/projetocarlosgomes.com.br\/#\/schema\/logo\/image\/","url":"https:\/\/projetocarlosgomes.com.br\/wp-content\/uploads\/2024\/04\/logo_footer.png","contentUrl":"https:\/\/projetocarlosgomes.com.br\/wp-content\/uploads\/2024\/04\/logo_footer.png","width":508,"height":264,"caption":"Academia Brasileira de M\u00fasica"},"image":{"@id":"https:\/\/projetocarlosgomes.com.br\/#\/schema\/logo\/image\/"}}]}},"_links":{"self":[{"href":"https:\/\/projetocarlosgomes.com.br\/en\/wp-json\/wp\/v2\/pages\/16","targetHints":{"allow":["GET"]}}],"collection":[{"href":"https:\/\/projetocarlosgomes.com.br\/en\/wp-json\/wp\/v2\/pages"}],"about":[{"href":"https:\/\/projetocarlosgomes.com.br\/en\/wp-json\/wp\/v2\/types\/page"}],"author":[{"embeddable":true,"href":"https:\/\/projetocarlosgomes.com.br\/en\/wp-json\/wp\/v2\/users\/1"}],"replies":[{"embeddable":true,"href":"https:\/\/projetocarlosgomes.com.br\/en\/wp-json\/wp\/v2\/comments?post=16"}],"version-history":[{"count":25,"href":"https:\/\/projetocarlosgomes.com.br\/en\/wp-json\/wp\/v2\/pages\/16\/revisions"}],"predecessor-version":[{"id":1248,"href":"https:\/\/projetocarlosgomes.com.br\/en\/wp-json\/wp\/v2\/pages\/16\/revisions\/1248"}],"wp:attachment":[{"href":"https:\/\/projetocarlosgomes.com.br\/en\/wp-json\/wp\/v2\/media?parent=16"}],"curies":[{"name":"wp","href":"https:\/\/api.w.org\/{rel}","templated":true}]}}